{"id":1238,"date":"2013-11-14T11:41:30","date_gmt":"2013-11-14T09:41:30","guid":{"rendered":"https:\/\/www.tsg.tu-ilmenau.de\/wordpress\/?page_id=1238"},"modified":"2014-01-03T14:04:09","modified_gmt":"2014-01-03T12:04:09","slug":"tagesordnung-mitgliederversammlung-2013","status":"publish","type":"page","link":"https:\/\/www.tsg.tu-ilmenau.de\/wordpress\/vereinsintern\/tagesordnung-mitgliederversammlung-2013\/","title":{"rendered":"Tagesordnung Mitgliederversammlung 2013"},"content":{"rendered":"<ol>\n<li>Er\u00f6ffnung<\/li>\n<li>Feststellung der Stimmberechtigung<\/li>\n<li>Abstimmung Genehmigung der Tagesordnung<\/li>\n<li>Kontrolle und Abstimmung des Protokolls vom 07.12.2012<\/li>\n<li>Bericht des Vorstandes\n<ul>\n<li>Finanzbericht<\/li>\n<li>Ausbildung<\/li>\n<li>Sportliche Aktivit\u00e4ten und Wettkampft\u00e4tigkeit<\/li>\n<li>Kassenpr\u00fcfbericht<\/li>\n<\/ul>\n<\/li>\n<li>Entlastung Vorstand bis 06.12.2013<\/li>\n<li>Planung Haushalt 2014<\/li>\n<li>Beschlussfassung zu Antr\u00e4gen<\/li>\n<li>Verschiedenes\n<ul>\n<li>Termin Materialausgabe Neujahrstauchen<\/li>\n<li>Weiterbildungsveranstaltungen<\/li>\n<li>Vereinsfahrt<\/li>\n<\/ul>\n<\/li>\n<li>Abschlu\u00df<\/li>\n<\/ol>\n","protected":false},"excerpt":{"rendered":"<p>Er\u00f6ffnung Feststellung der Stimmberechtigung Abstimmung Genehmigung der Tagesordnung Kontrolle und Abstimmung des Protokolls vom 07.12.2012 Bericht des Vorstandes Finanzbericht Ausbildung Sportliche Aktivit\u00e4ten und Wettkampft\u00e4tigkeit Kassenpr\u00fcfbericht Entlastung Vorstand bis 06.12.2013 Planung Haushalt 2014 Beschlussfassung zu Antr\u00e4gen Verschiedenes Termin Materialausgabe Neujahrstauchen Weiterbildungsveranstaltungen Vereinsfahrt Abschlu\u00df<\/p>\n","protected":false},"author":2,"featured_media":0,"parent":8,"menu_order":0,"comment_status":"closed","ping_status":"closed","template":"","meta":{"ngg_post_thumbnail":0,"footnotes":""},"class_list":["post-1238","page","type-page","status-publish","hentry"],"_links":{"self":[{"href":"https:\/\/www.tsg.tu-ilmenau.de\/wordpress\/wp-json\/wp\/v2\/pages\/1238","targetHints":{"allow":["GET"]}}],"collection":[{"href":"https:\/\/www.tsg.tu-ilmenau.de\/wordpress\/wp-json\/wp\/v2\/pages"}],"about":[{"href":"https:\/\/www.tsg.tu-ilmenau.de\/wordpress\/wp-json\/wp\/v2\/types\/page"}],"author":[{"embeddable":true,"href":"https:\/\/www.tsg.tu-ilmenau.de\/wordpress\/wp-json\/wp\/v2\/users\/2"}],"replies":[{"embeddable":true,"href":"https:\/\/www.tsg.tu-ilmenau.de\/wordpress\/wp-json\/wp\/v2\/comments?post=1238"}],"version-history":[{"count":1,"href":"https:\/\/www.tsg.tu-ilmenau.de\/wordpress\/wp-json\/wp\/v2\/pages\/1238\/revisions"}],"predecessor-version":[{"id":1240,"href":"https:\/\/www.tsg.tu-ilmenau.de\/wordpress\/wp-json\/wp\/v2\/pages\/1238\/revisions\/1240"}],"up":[{"embeddable":true,"href":"https:\/\/www.tsg.tu-ilmenau.de\/wordpress\/wp-json\/wp\/v2\/pages\/8"}],"wp:attachment":[{"href":"https:\/\/www.tsg.tu-ilmenau.de\/wordpress\/wp-json\/wp\/v2\/media?parent=1238"}],"curies":[{"name":"wp","href":"https:\/\/api.w.org\/{rel}","templated":true}]}}