{"id":2,"date":"2009-10-08T12:02:17","date_gmt":"2009-10-08T10:02:17","guid":{"rendered":""},"modified":"2024-10-01T11:59:03","modified_gmt":"2024-10-01T09:59:03","slug":"about","status":"publish","type":"page","link":"https:\/\/www.tsg.tu-ilmenau.de\/wordpress\/about\/","title":{"rendered":"\u00dcber uns&#8230;"},"content":{"rendered":"<p><img loading=\"lazy\" decoding=\"async\" class=\"alignleft size-medium wp-image-2085\" src=\"http:\/\/www.tsg.tu-ilmenau.de\/wordpress\/wp-content\/uploads\/2009\/10\/ilmfoto-7347-200x300.jpg\" alt=\"\" width=\"200\" height=\"300\" srcset=\"https:\/\/www.tsg.tu-ilmenau.de\/wordpress\/wp-content\/uploads\/2009\/10\/ilmfoto-7347-200x300.jpg 200w, https:\/\/www.tsg.tu-ilmenau.de\/wordpress\/wp-content\/uploads\/2009\/10\/ilmfoto-7347-768x1152.jpg 768w, https:\/\/www.tsg.tu-ilmenau.de\/wordpress\/wp-content\/uploads\/2009\/10\/ilmfoto-7347-683x1024.jpg 683w, https:\/\/www.tsg.tu-ilmenau.de\/wordpress\/wp-content\/uploads\/2009\/10\/ilmfoto-7347-624x936.jpg 624w, https:\/\/www.tsg.tu-ilmenau.de\/wordpress\/wp-content\/uploads\/2009\/10\/ilmfoto-7347.jpg 1200w\" sizes=\"auto, (max-width: 200px) 100vw, 200px\" \/>Den Tauchsport gibt es in Ilmenau bereits seit 1956. Erste Anf\u00e4nge existierten an der Hochschule f\u00fcr Elektrotechnik, sp\u00e4ter vollzog sich die weitere Entwicklung an der Technischen Hochschule Ilmenau im Rahmen der Gesellschaft f\u00fcr Sport und Technik.<br \/>\nDie &#8220;Tauchsportgemeinschaft TH Ilmenau`56 e.V.&#8221; wurde 1990 neu gegr\u00fcndet und sp\u00e4ter in &#8220;Tauchsportgemeinschaft TU Ilmenau`56 e.V.&#8221; umbenannt.<br \/>\nWir sind ein gemeinn\u00fctzig anerkannter Verein und Mitglied im <a href=\"https:\/\/tauchsport-thueringen.de\/\" target=\"_top\" rel=\"noopener\">Tauchsportverband Th\u00fcringen<\/a>&nbsp;sowie im <a href=\"http:\/\/www.vdst.de\" target=\"_top\" rel=\"noopener\">Verband Deutscher Sporttaucher (VDST)<\/a>. Derzeit hat unser Verein ca. 190 Mitglieder. Unser erkl\u00e4rtes Ziel ist die F\u00f6rderung des Sporttauchens f\u00fcr Studenten und Angeh\u00f6rige der&nbsp; technischen Universit\u00e4t Ilmenau sowie f\u00fcr Kinder und Jugendliche in Freizeit- und Wettkampfsport Unter fachgerechter Anleitung durch unsere \u00dcbungsleiter und Tauchlehrer kann jeder im Rahmen der angebotenen Trainingszeiten und Kurse eine fundierte eine fundierte Ausbildung in allen g\u00e4ngigen Ausbildungsstufen nach VDST-DTSA-Ordnung erhalten. Dazu wird eine Ausbildung vom Schnorcheln im Schwimmbad bis zum Freigew\u00e4ssertauchen mit Drucklufttauchger\u00e4t in Theorie und Praxis durchgef\u00fchrt.&nbsp;<br \/>\nIm Rahmen des Hochschulsports werden j\u00e4hrlich im Wintersemester entsprechende <a href=\"https:\/\/sport.tu-ilmenau.de\/angebote\/aktueller_zeitraum\/_Tauchen_Apnoetauchen__Theorie_und_Praxis_.html\">Tauchkurse<\/a> angeboten<\/p>\n<p style=\"text-align: center;\"><a title=\"Kontaktieren Sie uns...\" href=\"https:\/\/www.tsg.tu-ilmenau.de\/wordpress\/impressum\/\">Kontaktieren sie uns&#8230;.<\/a><\/p>\n","protected":false},"excerpt":{"rendered":"<p>Den Tauchsport gibt es in Ilmenau bereits seit 1956. Erste Anf\u00e4nge existierten an der Hochschule f\u00fcr Elektrotechnik, sp\u00e4ter vollzog sich die weitere Entwicklung an der Technischen Hochschule Ilmenau im Rahmen der Gesellschaft f\u00fcr Sport und Technik. Die &#8220;Tauchsportgemeinschaft TH Ilmenau`56 e.V.&#8221; wurde 1990 neu gegr\u00fcndet und sp\u00e4ter in &#8220;Tauchsportgemeinschaft TU Ilmenau`56 e.V.&#8221; umbenannt. Wir sind ein gemeinn\u00fctzig anerkannter Verein und&#8230; <a href=\"https:\/\/www.tsg.tu-ilmenau.de\/wordpress\/about\/\">Read more &raquo;<\/a><\/p>\n","protected":false},"author":2,"featured_media":0,"parent":0,"menu_order":0,"comment_status":"closed","ping_status":"closed","template":"","meta":{"ngg_post_thumbnail":0,"footnotes":""},"class_list":["post-2","page","type-page","status-publish","hentry"],"_links":{"self":[{"href":"https:\/\/www.tsg.tu-ilmenau.de\/wordpress\/wp-json\/wp\/v2\/pages\/2","targetHints":{"allow":["GET"]}}],"collection":[{"href":"https:\/\/www.tsg.tu-ilmenau.de\/wordpress\/wp-json\/wp\/v2\/pages"}],"about":[{"href":"https:\/\/www.tsg.tu-ilmenau.de\/wordpress\/wp-json\/wp\/v2\/types\/page"}],"author":[{"embeddable":true,"href":"https:\/\/www.tsg.tu-ilmenau.de\/wordpress\/wp-json\/wp\/v2\/users\/2"}],"replies":[{"embeddable":true,"href":"https:\/\/www.tsg.tu-ilmenau.de\/wordpress\/wp-json\/wp\/v2\/comments?post=2"}],"version-history":[{"count":10,"href":"https:\/\/www.tsg.tu-ilmenau.de\/wordpress\/wp-json\/wp\/v2\/pages\/2\/revisions"}],"predecessor-version":[{"id":5056,"href":"https:\/\/www.tsg.tu-ilmenau.de\/wordpress\/wp-json\/wp\/v2\/pages\/2\/revisions\/5056"}],"wp:attachment":[{"href":"https:\/\/www.tsg.tu-ilmenau.de\/wordpress\/wp-json\/wp\/v2\/media?parent=2"}],"curies":[{"name":"wp","href":"https:\/\/api.w.org\/{rel}","templated":true}]}}