{"id":2895,"date":"2016-11-01T13:00:46","date_gmt":"2016-11-01T12:00:46","guid":{"rendered":"https:\/\/www.tsg.tu-ilmenau.de\/wordpress\/?page_id=2895"},"modified":"2016-11-01T13:00:46","modified_gmt":"2016-11-01T12:00:46","slug":"tagesordnung-mitgliederversammlung-2016","status":"publish","type":"page","link":"https:\/\/www.tsg.tu-ilmenau.de\/wordpress\/tagesordnung-mitgliederversammlung-2016\/","title":{"rendered":"Tagesordnung Mitgliederversammlung 2016"},"content":{"rendered":"<ol>\n<li>Er\u00f6ffnung und Benennung des Versammlungsleiters sowie des Protokollf\u00fchrers<\/li>\n<li>Feststellung der Stimmberechtigung<\/li>\n<li>Abstimmung Genehmigung der Tagesordnung<\/li>\n<li>Kontrolle und Abstimmung des Protokolls vom 04.12.2015<\/li>\n<li>Bericht des Vorstandes\n<ul>\n<li>Finanzbericht<\/li>\n<li>Ausbildung<\/li>\n<li>Sportliche Aktivit\u00e4ten und Wettkampft\u00e4tigkeit<\/li>\n<li>Kassenpr\u00fcfbericht<\/li>\n<\/ul>\n<\/li>\n<li>Entlastung Vorstand bis 03.12.2016<\/li>\n<li>Wahl des Vorstandes<\/li>\n<li>Planung Haushalt 2017<\/li>\n<li>Beschlussfassung zu Antr\u00e4gen<\/li>\n<li>Verschiedenes\n<ul>\n<ul>\n<li>Termin Materialausgabe Neujahrstauchen<\/li>\n<li>Weiterbildungsveranstaltungen<\/li>\n<li>Vereinsfahrt 2017<\/li>\n<\/ul>\n<\/ul>\n<\/li>\n<li>Abschluss<\/li>\n<\/ol>\n","protected":false},"excerpt":{"rendered":"<p>Er\u00f6ffnung und Benennung des Versammlungsleiters sowie des Protokollf\u00fchrers Feststellung der Stimmberechtigung Abstimmung Genehmigung der Tagesordnung Kontrolle und Abstimmung des Protokolls vom 04.12.2015 Bericht des Vorstandes Finanzbericht Ausbildung Sportliche Aktivit\u00e4ten und Wettkampft\u00e4tigkeit Kassenpr\u00fcfbericht Entlastung Vorstand bis 03.12.2016 Wahl des Vorstandes Planung Haushalt 2017 Beschlussfassung zu Antr\u00e4gen Verschiedenes Termin Materialausgabe Neujahrstauchen Weiterbildungsveranstaltungen Vereinsfahrt 2017 Abschluss<\/p>\n","protected":false},"author":2,"featured_media":0,"parent":0,"menu_order":0,"comment_status":"closed","ping_status":"closed","template":"","meta":{"ngg_post_thumbnail":0,"footnotes":""},"class_list":["post-2895","page","type-page","status-publish","hentry"],"_links":{"self":[{"href":"https:\/\/www.tsg.tu-ilmenau.de\/wordpress\/wp-json\/wp\/v2\/pages\/2895","targetHints":{"allow":["GET"]}}],"collection":[{"href":"https:\/\/www.tsg.tu-ilmenau.de\/wordpress\/wp-json\/wp\/v2\/pages"}],"about":[{"href":"https:\/\/www.tsg.tu-ilmenau.de\/wordpress\/wp-json\/wp\/v2\/types\/page"}],"author":[{"embeddable":true,"href":"https:\/\/www.tsg.tu-ilmenau.de\/wordpress\/wp-json\/wp\/v2\/users\/2"}],"replies":[{"embeddable":true,"href":"https:\/\/www.tsg.tu-ilmenau.de\/wordpress\/wp-json\/wp\/v2\/comments?post=2895"}],"version-history":[{"count":1,"href":"https:\/\/www.tsg.tu-ilmenau.de\/wordpress\/wp-json\/wp\/v2\/pages\/2895\/revisions"}],"predecessor-version":[{"id":2897,"href":"https:\/\/www.tsg.tu-ilmenau.de\/wordpress\/wp-json\/wp\/v2\/pages\/2895\/revisions\/2897"}],"wp:attachment":[{"href":"https:\/\/www.tsg.tu-ilmenau.de\/wordpress\/wp-json\/wp\/v2\/media?parent=2895"}],"curies":[{"name":"wp","href":"https:\/\/api.w.org\/{rel}","templated":true}]}}