{"id":3249,"date":"2017-10-18T11:28:17","date_gmt":"2017-10-18T09:28:17","guid":{"rendered":"https:\/\/www.tsg.tu-ilmenau.de\/wordpress\/?page_id=3249"},"modified":"2017-10-18T11:28:17","modified_gmt":"2017-10-18T09:28:17","slug":"tagesordnung-mitgliederversammlung-2017","status":"publish","type":"page","link":"https:\/\/www.tsg.tu-ilmenau.de\/wordpress\/tagesordnung-mitgliederversammlung-2017\/","title":{"rendered":"Tagesordnung Mitgliederversammlung 2017"},"content":{"rendered":"<ol>\n<li>Er\u00f6ffnung und Benennung des Versammlungsleiters sowie des Protokollf\u00fchrers<\/li>\n<li>Feststellung der Stimmberechtigung<\/li>\n<li>Abstimmung Genehmigung der Tagesordnung<\/li>\n<li>Kontrolle und Abstimmung des Protokolls vom 02.12.2016<\/li>\n<li>Bericht des Vorstandes\n<ul>\n<li>. Finanzbericht<\/li>\n<li>. Ausbildung<\/li>\n<li>. Sportliche Aktivit\u00e4ten und Wettkampft\u00e4tigkeit<\/li>\n<li>. Kassenpr\u00fcfbericht<\/li>\n<\/ul>\n<\/li>\n<li>Entlastung Vorstand bis 30.11.2017<\/li>\n<li>Planung Haushalt 2018<\/li>\n<li>Beschlussfassung zu Antr\u00e4gen<\/li>\n<li>Verschiedenes\n<ul>\n<li>. Termin Materialausgabe Neujahrstauchen<\/li>\n<li>. Weiterbildungsveranstaltungen<\/li>\n<li>. Vereinsfahrt 2018<\/li>\n<\/ul>\n<\/li>\n<li>Abschluss<\/li>\n<\/ol>\n","protected":false},"excerpt":{"rendered":"<p>Er\u00f6ffnung und Benennung des Versammlungsleiters sowie des Protokollf\u00fchrers Feststellung der Stimmberechtigung Abstimmung Genehmigung der Tagesordnung Kontrolle und Abstimmung des Protokolls vom 02.12.2016 Bericht des Vorstandes . Finanzbericht . Ausbildung . Sportliche Aktivit\u00e4ten und Wettkampft\u00e4tigkeit . Kassenpr\u00fcfbericht Entlastung Vorstand bis 30.11.2017 Planung Haushalt 2018 Beschlussfassung zu Antr\u00e4gen Verschiedenes . Termin Materialausgabe Neujahrstauchen . Weiterbildungsveranstaltungen . Vereinsfahrt 2018 Abschluss<\/p>\n","protected":false},"author":2,"featured_media":0,"parent":0,"menu_order":0,"comment_status":"closed","ping_status":"closed","template":"","meta":{"ngg_post_thumbnail":0,"footnotes":""},"class_list":["post-3249","page","type-page","status-publish","hentry"],"_links":{"self":[{"href":"https:\/\/www.tsg.tu-ilmenau.de\/wordpress\/wp-json\/wp\/v2\/pages\/3249","targetHints":{"allow":["GET"]}}],"collection":[{"href":"https:\/\/www.tsg.tu-ilmenau.de\/wordpress\/wp-json\/wp\/v2\/pages"}],"about":[{"href":"https:\/\/www.tsg.tu-ilmenau.de\/wordpress\/wp-json\/wp\/v2\/types\/page"}],"author":[{"embeddable":true,"href":"https:\/\/www.tsg.tu-ilmenau.de\/wordpress\/wp-json\/wp\/v2\/users\/2"}],"replies":[{"embeddable":true,"href":"https:\/\/www.tsg.tu-ilmenau.de\/wordpress\/wp-json\/wp\/v2\/comments?post=3249"}],"version-history":[{"count":1,"href":"https:\/\/www.tsg.tu-ilmenau.de\/wordpress\/wp-json\/wp\/v2\/pages\/3249\/revisions"}],"predecessor-version":[{"id":3251,"href":"https:\/\/www.tsg.tu-ilmenau.de\/wordpress\/wp-json\/wp\/v2\/pages\/3249\/revisions\/3251"}],"wp:attachment":[{"href":"https:\/\/www.tsg.tu-ilmenau.de\/wordpress\/wp-json\/wp\/v2\/media?parent=3249"}],"curies":[{"name":"wp","href":"https:\/\/api.w.org\/{rel}","templated":true}]}}