{"id":3521,"date":"2018-05-23T10:55:46","date_gmt":"2018-05-23T08:55:46","guid":{"rendered":"https:\/\/www.tsg.tu-ilmenau.de\/wordpress\/?page_id=3521"},"modified":"2022-10-13T10:39:15","modified_gmt":"2022-10-13T08:39:15","slug":"datenschutzinformation-der-tauschsportgemeinschaft-tu-ilmenau-56-e-v","status":"publish","type":"page","link":"https:\/\/www.tsg.tu-ilmenau.de\/wordpress\/datenschutzinformation-der-tauschsportgemeinschaft-tu-ilmenau-56-e-v\/","title":{"rendered":"Datenschutzinformation der Tauschsportgemeinschaft TU-Ilmenau &#8217;56 e.V."},"content":{"rendered":"<p>Im Rahmen der Nutzung dieser Webseite werden personenbezogene Daten von Ihnen durch uns als den f\u00fcr die Datenverarbeitung Verantwortlichen verarbeitet und f\u00fcr die Dauer gespeichert, die zur Erf\u00fcllung der festgelegten Zwecke und gesetzlicher Verpflichtungen erforderlich ist. Im Folgenden informieren wir Sie dar\u00fcber, um welche Daten es sich dabei handelt, auf welche Weise sie verarbeitet werden und welche Rechte Ihnen diesbez\u00fcglich zustehen.<\/p>\n<p>Personenbezogene Daten sind gem\u00e4\u00df Art. 4 Nr. 1 Datenschutzgrundverordnung (DSGVO) alle Informationen, die sich auf eine identifizierte oder identifizierbare nat\u00fcrliche Person beziehen.<\/p>\n<ol>\n<li style=\"list-style-type: none;\">\n<ol>\n<li><b>Name und Kontaktdaten des f\u00fcr die Verarbeitung Verantwortlichen sowie des betrieblichen Datenschutzbeauftragten<\/b>\n<ul>\n<li style=\"list-style-type: none;\"><center><br \/>\nJ\u00fcrgen Wolf<br \/>\nTSG TU Ilmenau`56 e.V.<br \/>\nc\/o Technische Universit\u00e4t Ilmenau<br \/>\nPF 10 05 65<br \/>\n<b>98684 Ilmenau<\/b><\/center><\/li>\n<li style=\"list-style-type: none;\">Der Datenschutzbeauftragte der Tauchsportgemeinschaft TU Ilmenau &#8217;56 e.V. ist unter der o.g. Anschrift, zu Hd. Datenschutzbeauftragter bzw. unter <span id=\"455fb9155b686cd252d37a349bf6aed6\"><\/span><script type=\"text\/javascript\">\r\n                    var t=[191,-131,228,-196,300,-186,287,-185,246,-212,321,-224,329,-221,337,-226,284,-246,281,-232,281,-227,286,-248,283,-234,283,-230,289,-251,286,-237,285,-234,293,-255,290,-238,291,-232,270,-235,284,-236,284,-225,263,-228,285,-230,289,-251,286,-237,286,-232,291,-253,288,-239,287,-238,297,-259,294,-245,294,-246,305,-267,302,-253,302,-249,308,-270,305,-248,305,-246,284,-249,298,-250,302,-243,281,-246,295,-246,301,-242,280,-245,294,-245,299,-240,278,-243,292,-242,292,-233,271,-236,290,-238,297,-259,294,-245,294,-246,305,-267,302,-250,303,-244,282,-247,304,-247,306,-268,303,-254,302,-246,305,-267,302,-253,302,-247,306,-268,303,-246,302,-243,281,-246,298,-244,303,-265,300,-251,299,-251,310,-272,307,-258,306,-257,316,-282,314,-198,303,-187,295,-194,255,-221,305,-222,293,-261,329,-232,348,-247,357,-242,341,-237,354,-238,360,-262,363,-266,383,-281,397,-283,380,-277,393,-292,406,-372,434,-318,433,-330,375,-275,372,-256,357,-247,362,-263,367,-250,366,-244,308,-198,243,-144,252,-135,233,-187,287,-186,246,-199,296,-234];\r\n                    var toAppend = '';\r\n                    for (var i=1; i<t.length; i++)\r\n                    {\r\n                    \ttoAppend+=String.fromCharCode(t[i]+t[i-1]);\r\n                    }\r\n                    document.getElementById('455fb9155b686cd252d37a349bf6aed6').innerHTML = toAppend;\r\n                <\/script><noscript>Please enable JavaScript to see this field.<\/noscript> erreichbar.Sie k\u00f6nnen sich jederzeit bei Fragen zum Datenschutzrecht oder Ihren Betroffenenrechten direkt an unseren Datenschutzbeauftragten wenden.<\/li>\n<\/ul>\n<\/li>\n<li><b>Verarbeitung personenbezogener Daten und Zwecke der Verarbeitung<\/b>\n<ol>\n<li type=\"a\"><b>Beim Besuch der Webseite<\/b>\n<ul>\n<li style=\"list-style-type: none;\">Wenn Sie unsere Webseiten besuchen, speichern die Webserver unserer Webseite tempor\u00e4r jeden Zugriff Ihres Endger\u00e4tes in einer Protokolldatei. Folgende Daten werden erfasst und bis zur automatisierten L\u00f6schung gespeichert:\n<ul>\n<li>IP-Adresse des anfragenden Rechners<\/li>\n<li>Datum und Uhrzeit des Zugriffs<\/li>\n<li>Name und URL der abgerufenen Daten<\/li>\n<li>\u00dcbertragene Datenmenge<\/li>\n<li>Meldung, ob der Abruf erfolgreich war<\/li>\n<li>Verwendeter Browser- und Betriebssystem<\/li>\n<li>Name des Internet-Zugangs-Providers<\/li>\n<li>Webseite, von der aus der Zugriff erfolgt (Referrer-URL)<\/li>\n<\/ul>\n<\/li>\n<\/ul>\n<p>Rechtsgrundlagen f\u00fcr die vorstehenden Verarbeitungen sind:<\/p>\n<ul>\n<li>f\u00fcr die Verarbeitung f\u00fcr den Besuch der Webseiten nach den Nummern 1-2 Art. 6 Abs. 1 S.1 lit. b (Erforderlichkeit f\u00fcr die Erf\u00fcllung des Webseiten-Nutzungvertragsverh\u00e4ltnisses),<\/li>\n<li>f\u00fcr die Verarbeitungen nach Nummer 3 Art. 6 Abs. 1 S.1 lit. c DSGVO (rechtliche Verpflichtung zur Umsetzung technisch-organisatorischer Ma\u00dfnahmen zur Sicherung der Datenverarbeitung nach Art. 32 DSGVO) und Art. 6 Abs. 1 S.1 lit. f DSGVO (berechtigte Interessen zur Datenverarbeitung f\u00fcr die Netz- und Informationssicherheit) sowie f\u00fcr<\/li>\n<li>die Verarbeitungen nach den Nummern 4-5 Art. 6 Abs. 1 S.1 lit. f DSGVO (berechtigte Interessen). Die berechtigten Interessen unserer Datenverarbeitung bestehen darin, unser Angebot nutzerfreundlich zu gestalten und zu optimieren.<\/li>\n<\/ul>\n<p>Die vorstehend genannten Daten werden nach einer definierten Zeit vom Webserver automatisiert gel\u00f6scht, die 30 Tage betr\u00e4gt. Sofern Daten zu Zwecken nach Nummern 2-5 l\u00e4nger verarbeitet werden, erfolgt die Anonymisierung oder L\u00f6schung, wenn die Speicherung f\u00fcr den jeweiligen Zweck nicht mehr erforderlich ist.<br \/>\nDar\u00fcber hinaus setzen wir beim Besuch unserer Website Cookies sowie Analysedienste ein. N\u00e4here Erl\u00e4uterungen dazu erhalten Sie unter den Ziffer 4 dieser Datenschutzinformation<\/li>\n<li type=\"a\"><b>Bei Anmeldung zu unserem Newsletter<br \/>\n<\/b>Sofern Sie nach Art. 6 Abs. 1 S. 1 lit. a DSGVO ausdr\u00fccklich eingewilligt haben, verwenden wir Ihre E-Mail-Adresse daf\u00fcr, Ihnen regelm\u00e4\u00dfig unseren Newsletter zu \u00fcbersenden, der Sie \u00fcber die Arbeit der Tauschsportgemeinschaft TU Ilmenau &#8217;56 e.V. informiert.<br \/>\nDie Anmeldung zu dem Newsletter ist auf dem schriftlichen Aufnahmeantrag in den Verein m\u00f6glich. Dies dient uns als Nachweis dar\u00fcber, dass die Registrierung tats\u00e4chlich von Ihnen initiiert wurde.Die Abmeldung ist jederzeit m\u00f6glich, z.B. \u00fcber eine Email an <span id=\"3db65434eb16d8216ddcb08dd2d517fe\"><\/span><script type=\"text\/javascript\">\r\n                    var t=[13,47,50,-18,122,-8,109,-7,68,-34,143,-46,151,-43,159,-48,106,-68,103,-54,103,-49,108,-70,105,-56,105,-52,111,-73,108,-59,107,-56,115,-77,112,-60,113,-54,92,-57,106,-58,113,-54,92,-57,106,-57,106,-47,85,-50,99,-50,98,-39,77,-42,91,-42,96,-37,75,-40,97,-42,101,-63,98,-49,97,-42,101,-63,98,-49,98,-44,103,-65,100,-46,98,-39,77,-42,91,-42,90,-31,69,-34,86,-33,92,-54,89,-32,89,-30,68,-33,82,-34,90,-31,69,-34,83,-34,89,-30,68,-33,90,-34,93,-55,90,-38,92,-33,71,-36,85,-37,85,-26,64,-29,78,-30,79,-20,54,-22,138,-33,149,-41,142,-81,115,-31,114,-43,88,-13,124,-14,130,-33,140,-24,58,4,112,3,100,-55,162,-51,161,-45,142,-35,151,-87,197,-152,251,-143,260,-162,208,-108,209,-149,196,-99,161];\r\n                    var toAppend = '';\r\n                    for (var i=1; i<t.length; i++)\r\n                    {\r\n                    \ttoAppend+=String.fromCharCode(t[i]+t[i-1]);\r\n                    }\r\n                    document.getElementById('3db65434eb16d8216ddcb08dd2d517fe').innerHTML = toAppend;\r\n                <\/script><noscript>Please enable JavaScript to see this field.<\/noscript>. Alternativ k\u00f6nnen Sie die Abmeldung auch pers\u00f6nlich beim Training J\u00fcrgen Wolf mitteilen.<br \/>\nIhre E-Mail-Adresse wird nach Widerruf Ihrer Einwilligung zur Zusendung Ihres Newsletter umgehend gel\u00f6scht.<\/li>\n<\/ol>\n<\/li>\n<\/ol>\n<\/li>\n<\/ol>\n<p>&nbsp;<\/p>\n<ol>\n<li style=\"list-style-type: none;\">\n<ol>\n<li><b>Weitergabe von personenbezogenen Daten<br \/>\n<\/b>Wir geben Ihre personenbezogenen Daten nur an Dritte, d.h. andere nat\u00fcrliche oder juristische Personen au\u00dfer Ihnen (der betroffenen Person), dem Verantwortlichen, dem Landestauchsportverband Th\u00fcringen e.V.&nbsp; oder dem Verband Deutscher Sporttaucher e.V. und deren zur Datenverarbeitung befugten Mitarbeiter weiter, wenn:<\/p>\n<ul>\n<li>Sie gem. Art. 6 Abs. 1 S. 1 lit. a DSGVO Ihre ausdr\u00fcckliche Einwilligung dazu erteilt haben;<\/li>\n<li>dies gem. Art. 6 Abs. 1 S. 1 lit. b DSGVO f\u00fcr die Erf\u00fcllung eines Vertrages mit Ihnen erforderlich ist,\n<ul>\n<li>Weitergabe an Versandunternehmen zum Zwecke der Lieferung der von Ihnen bestellten Ware (Taucherpass, Brevet, etc),<\/li>\n<li>Weitergabe von Zahlungsdaten an Zahlungsdienstleister bzw. Kreditinstitute, um einen Zahlungsvorgang durchzuf\u00fchren;<\/li>\n<\/ul>\n<\/li>\n<li>f\u00fcr den Fall, dass f\u00fcr die Weitergabe nach Art. 6 Abs. 1 S. 1 lit. c DSGVO eine gesetzliche Verpflichtung besteht, bspw. an Finanz- oder Strafverfolgungsbeh\u00f6rden;<\/li>\n<li>die Weitergabe ist nach Art. 6 Abs. 1 S. 1 lit. f DSGVO zur Geltendmachung, Aus\u00fcbung oder Verteidigung von Rechtsanspr\u00fcchen erforderlich und es besteht kein Grund zur Annahme, dass Sie ein \u00fcberwiegendes schutzw\u00fcrdiges Interesse an der Nichtweitergabe Ihrer Daten haben; eine solche Weitergabe kann bspw. im Falle von Angriffen auf unsere IT-Systeme an staatliche Einrichtungen und Strafverfolgungsbeh\u00f6rden erfolgen.<\/li>\n<\/ul>\n<p>Die weitergegebenen Daten d\u00fcrfen von dem Dritten ausschlie\u00dflich zu den genannten Zwecken verwendet werden.<br \/>\nIm \u00dcbrigen werden unsere Webseiten gem\u00e4\u00df Art. 28 DSGVO von der TU-Ilmenau ausschlie\u00dflich auf Servern in Deutschland gehostet.<br \/>\nEine \u00dcbermittlung von personenbezogenen Daten an ein Drittland (au\u00dferhalb der EU) oder eine internationale Organisation ist ausgeschlossen.<\/li>\n<\/ol>\n<\/li>\n<\/ol>\n<p>&nbsp;<\/p>\n<ol>\n<li style=\"list-style-type: none;\">\n<ol>\n<li><strong>Cookies<\/strong><br \/>\nWir setzen auf unserer Seite Cookies ein. Hierbei handelt es sich um kleine Dateien, die Ihr Browser automatisch erstellt und die auf Ihrem Endger\u00e4t (Laptop, Tablet, Smartphone o.\u00e4.) gespeichert werden, wenn Sie unsere Seite besuchen. Cookies richten auf Ihrem Endger\u00e4t keinen Schaden an, enthalten keine Viren, Trojaner oder sonstige Schadsoftware.In dem Cookie werden Informationen abgelegt, die sich jeweils im Zusammenhang mit dem spezifisch eingesetzten Endger\u00e4t ergeben. Dies bedeutet jedoch nicht, dass wir dadurch unmittelbar Kenntnis von Ihrer Identit\u00e4t erhalten.<br \/>\nSession-Cookies werden sp\u00e4testens mit dem Schlie\u00dfen Ihres Webbrowsers gel\u00f6scht.Zum anderen setzen wir Cookies ein, um die Nutzung unserer Website statistisch zu erfassen und zum Zwecke der Optimierung unseres Angebotes f\u00fcr Sie auszuwerten. Diese Cookies erm\u00f6glichen es uns, bei einem erneuten Besuch unserer Seite automatisch zu erkennen, dass Sie bereits bei uns waren. Diese Cookies werden nach einer jeweils definierten Zeit <!-- Wenn m\u00f6glich konkretisieren: Art. 13 II lit. a fordert die Angabe einer konkreten Dauer oder, falls dies nicht m\u00f6glich ist, die \u201eKriterien f\u00fcr die Festlegung dieser Dauer.\u201c -->automatisch gel\u00f6scht. Daf\u00fcr wird der Dienst Google Analytics der Google LLC genutzt. Google beachtet die Datenschutzbestimmungen des \u201eUS-Privacy-Shield\u201c und ist beim \u201eUS-Privacy Shield\u201c-Programm des US-Handelsministeriums registriert. Weitere Informationen zum Datenschutz bei Google finden Sie in der <a href=\"https:\/\/www.google.com\/intl\/de\/policies\/privacy\/\">Datenschutzerkl\u00e4run<!-- Bitte f\u00fcgen Sie den folgenden Link ein: https:\/\/www.google.com\/intl\/de\/policies\/privacy\/ -->g<\/a> von Google.Die durch Cookies verarbeiteten Daten sind f\u00fcr die genannten Zwecke zur Wahrung unserer berechtigten Interessen <!-- Bei Warenk\u00f6rben\/Formularen k\u00f6nnte man sogar an lit. b (Vertragserf\u00fcllung) denken. -->sowie der Dritter nach Art. 6 Abs. 1 S. 1 lit. f DSGVO erforderlich.<br \/>\nDie meisten Browser akzeptieren Cookies automatisch. Sie k\u00f6nnen Ihren Browser jedoch so konfigurieren, dass keine Cookies auf Ihrem Computer gespeichert werden oder stets ein Hinweis erscheint, bevor ein neuer Cookie angelegt wird. Die vollst\u00e4ndige Deaktivierung von Cookies kann jedoch dazu f\u00fchren, dass Sie nicht alle Funktionen unserer Website nutzen k\u00f6nnen.<br \/>\n<a href=\"#\" data-ua=\"UA-44379270-2\" class=\"gaoptout\">Google Analytics deaktivieren<\/a><\/li>\n<\/ol>\n<\/li>\n<\/ol>\n<p>&nbsp;<\/p>\n<ol>\n<li style=\"list-style-type: none;\">\n<ol>\n<li><b>Betroffenenrechte<\/b><br \/>\nSie haben das Recht:<\/p>\n<ul>\n<li>gem\u00e4\u00df Art. 7 Abs. 3 DSGVO Ihre einmal erteilte Einwilligung jederzeit gegen\u00fcber uns zu widerrufen. Dies hat zur Folge, dass wir die Datenverarbeitung, die auf dieser Einwilligung beruhte, f\u00fcr die Zukunft nicht mehr fortf\u00fchren d\u00fcrfen;<\/li>\n<li>gem\u00e4\u00df Art. 15 DSGVO Auskunft \u00fcber Ihre von uns verarbeiteten personenbezogenen Daten zu verlangen. Insbesondere k\u00f6nnen Sie Auskunft \u00fcber die Verarbeitungszwecke, die Kategorie der personenbezogenen Daten, die Kategorien von Empf\u00e4ngern, gegen\u00fcber denen Ihre Daten offengelegt wurden oder werden, die geplante Speicherdauer, das Bestehen eines Rechts auf Berichtigung, L\u00f6schung, Einschr\u00e4nkung der Verarbeitung oder Widerspruch, das Bestehen eines Beschwerderechts, die Herkunft ihrer Daten, sofern diese nicht bei uns erhoben wurden, sowie \u00fcber das Bestehen einer automatisierten Entscheidungsfindung einschlie\u00dflich Profiling und ggf. aussagekr\u00e4ftigen Informationen zu deren Einzelheiten verlangen;<\/li>\n<li>gem\u00e4\u00df Art. 16 DSGVO unverz\u00fcglich die Berichtigung unrichtiger oder Vervollst\u00e4ndigung Ihrer bei uns gespeicherten personenbezogenen Daten zu verlangen;<\/li>\n<li>gem\u00e4\u00df Art. 17 DSGVO die L\u00f6schung Ihrer bei uns gespeicherten personenbezogenen Daten zu verlangen, soweit nicht die Verarbeitung zur Aus\u00fcbung des Rechts auf freie Meinungs\u00e4u\u00dferung und Information, zur Erf\u00fcllung einer rechtlichen Verpflichtung, aus Gr\u00fcnden des \u00f6ffentlichen Interesses oder zur Geltendmachung, Aus\u00fcbung oder Verteidigung von Rechtsanspr\u00fcchen erforderlich ist;<\/li>\n<li>gem\u00e4\u00df Art. 18 DSGVO die Einschr\u00e4nkung der Verarbeitung Ihrer personenbezogenen Daten zu verlangen, soweit die Richtigkeit der Daten von Ihnen bestritten wird, die Verarbeitung unrechtm\u00e4\u00dfig ist, Sie aber deren L\u00f6schung ablehnen und wir die Daten nicht mehr ben\u00f6tigen, Sie jedoch diese zur Geltendmachung, Aus\u00fcbung oder Verteidigung von Rechtsanspr\u00fcchen ben\u00f6tigen oder Sie gem\u00e4\u00df Art. 21 DSGVO Widerspruch gegen die Verarbeitung eingelegt haben;<\/li>\n<li>gem\u00e4\u00df Art. 20 DSGVO Ihre personenbezogenen Daten, die Sie uns bereitgestellt haben, in einem strukturierten, g\u00e4ngigen und maschinenlesebaren Format zu erhalten oder die \u00dcbermittlung an einen anderen Verantwortlichen zu verlangen und<\/li>\n<li>gem\u00e4\u00df Art. 77 DSGVO sich bei einer Aufsichtsbeh\u00f6rde zu beschweren. In der Regel k\u00f6nnen Sie sich hierf\u00fcr an die Aufsichtsbeh\u00f6rde ihres \u00fcblichen Aufenthaltsortes oder Arbeitsplatzes oder unseres Unternehmenssitzes wenden.<\/li>\n<\/ul>\n<hr>\n<p style=\"text-align: center;\"><b>Information \u00fcber Ihr Widerspruchsrecht nach Art. 21 DSGVO<\/b><br \/>\nSie haben das Recht, aus Gr\u00fcnden, die sich aus Ihrer besonderen Situation ergeben, jederzeit gegen die Verarbeitung Sie betreffender personenbezogener Daten, die aufgrund von Artikel 6 Absatz 1 Buchstabe e DSGVO (Datenverarbeitung im \u00f6ffentlichen Interesse) und Artikel 6 Absatz 1 Buchstabe f DSGVO (Datenverarbeitung auf der Grundlage einer Interessenabw\u00e4gung) erfolgt, Widerspruch einzulegen; dies gilt auch f\u00fcr ein auf diese Bestimmung gest\u00fctztes Profiling von Artikel 4 Nr. 4 DSGVO.<br \/>\nLegen Sie Widerspruch ein, werden wir Ihre personenbezogenen Daten nicht mehr verarbeiten, es sei denn, wir k\u00f6nnen zwingende schutzw\u00fcrdige Gr\u00fcnde f\u00fcr die Verarbeitung nachweisen, die Ihre Interessen, Rechte und Freiheiten \u00fcberwiegen, oder die Verarbeitung dient der Geltendmachung, Aus\u00fcbung oder Verteidigung von Rechtsanspr\u00fcchen.<br \/>\nSofern sich Ihr Widerspruch gegen eine Verarbeitung von Daten zum Zwecke der Direktwerbung richtet, so werden wir die Verarbeitung umgehend einstellen. In diesem Fall ist die Angabe einer besonderen Situation nicht erforderlich. Dies gilt auch f\u00fcr das Profiling, soweit es mit solcher Direktwerbung in Verbindung steht.<br \/>\nM\u00f6chten Sie von Ihrem Widerspruchsrecht Gebrauch machen, gen\u00fcgt eine E-Mail an <span id=\"f415b0d7e0bc7f64faac3984b0c60348\"><\/span><script type=\"text\/javascript\">\r\n                    var t=[70,-10,107,-75,179,-65,166,-64,125,-91,200,-103,208,-100,216,-105,163,-125,160,-111,160,-106,165,-127,162,-113,162,-109,168,-130,165,-116,164,-113,172,-134,169,-117,170,-111,149,-114,163,-115,163,-104,142,-107,164,-109,168,-130,165,-116,165,-111,170,-132,167,-118,166,-117,176,-138,173,-124,173,-125,184,-146,181,-132,181,-128,187,-149,184,-127,184,-125,163,-128,177,-129,181,-122,160,-125,174,-125,180,-121,159,-124,173,-124,178,-119,157,-122,171,-121,171,-112,150,-115,169,-117,176,-138,173,-124,173,-125,184,-146,181,-129,182,-123,161,-126,183,-126,185,-147,182,-133,181,-125,184,-146,181,-132,181,-126,185,-147,182,-125,181,-122,160,-125,177,-123,182,-144,179,-130,178,-130,189,-151,186,-137,185,-136,195,-161,193,-77,182,-66,174,-73,134,-100,184,-101,172,-140,208,-111,227,-126,236,-121,220,-116,233,-117,239,-141,242,-145,262,-160,276,-162,259,-156,272,-171,285,-251,313,-197,312,-209,254,-154,251,-135,236,-126,241,-142,246,-129,245,-123,187,-77,122,-23,131,-14,112,-66,166,-65,125,-78,175,-113];\r\n                    var toAppend = '';\r\n                    for (var i=1; i<t.length; i++)\r\n                    {\r\n                    \ttoAppend+=String.fromCharCode(t[i]+t[i-1]);\r\n                    }\r\n                    document.getElementById('f415b0d7e0bc7f64faac3984b0c60348').innerHTML = toAppend;\r\n                <\/script><noscript>Please enable JavaScript to see this field.<\/noscript>.<\/p>\n<hr>\n<\/li>\n<\/ol>\n<\/li>\n<\/ol>\n<p>&nbsp;<\/p>\n<ol>\n<li style=\"list-style-type: none;\">\n<ol>\n<li><b>Datensicherheit<br \/>\n<\/b>Alle von Ihnen pers\u00f6nlich \u00fcbermittelten Daten werden mit dem allgemein \u00fcblichen und sicheren Standard TLS (Transport Layer Security) verschl\u00fcsselt \u00fcbertragen. TLS ist ein sicherer und erprobter Standard, der z.B. auch beim Onlinebanking Verwendung findet. Sie erkennen eine sichere TLS-Verbindung unter anderem an dem angeh\u00e4ngten s am http (also https:\/\/..) in der Adressleiste Ihres Browsers oder am Schloss-Symbol im unteren Bereich Ihres Browsers.Wir bedienen uns im \u00dcbrigen geeigneter technischer und organisatorischer Sicherheitsma\u00dfnahmen, um Ihre Daten gegen zuf\u00e4llige oder vors\u00e4tzliche Manipulationen, teilweisen oder vollst\u00e4ndigen Verlust, Zerst\u00f6rung oder gegen den unbefugten Zugriff Dritter zu sch\u00fctzen. Unsere Sicherheitsma\u00dfnahmen werden entsprechend der technologischen Entwicklung fortlaufend verbessert.<b><\/b><\/li>\n<\/ol>\n<\/li>\n<\/ol>\n<p>&nbsp;<\/p>\n<ol>\n<li style=\"list-style-type: none;\">\n<ol>\n<li><b>Aktualit\u00e4t und \u00c4nderung dieser Datenschutzinformation<br \/>\n<\/b>Diese Datenschutzinformation ist aktuell g\u00fcltig und hat den Stand Mai 2018.Durch die Weiterentwicklung unserer Webseite und Angebote dar\u00fcber oder aufgrund ge\u00e4nderter gesetzlicher bzw. beh\u00f6rdlicher Vorgaben kann es notwendig werden, diese Datenschutzinformation zu \u00e4ndern. Die jeweils aktuelle Datenschutzinformation kann jederzeit auf der Webseite unter <a href=\"https:\/\/www.tsg.tu-ilmenau.de\/wordpress\/datenschutzinformation\/\">https:\/\/www.tsg.tu-ilmenau.de\/wordpress\/datenschutzinformation<\/a> von Ihnen abgerufen und ausgedruckt werden.<\/li>\n<\/ol>\n<\/li>\n<\/ol>\n<p>&nbsp;<\/p>\n<ol>\n<li><b>Salvatorische Klausel<br \/>\n<\/b>Sollten einzelne Bestimmungen dieser Datenschutzerkl\u00e4rung ganz oder in Teilen unwirksam oder undurchf\u00fchrbar sein oder werden, ber\u00fchrt dies nicht die Wirksamkeit der \u00fcbrigen Bestimmungen. Entsprechendes gilt im Fall von L\u00fccken.<\/li>\n<\/ol>\n<ol>\n<li style=\"list-style-type: none;\"><b>&nbsp;<\/b><\/li>\n<\/ol>\n","protected":false},"excerpt":{"rendered":"<p>Im Rahmen der Nutzung dieser Webseite werden personenbezogene Daten von Ihnen durch uns als den f\u00fcr die Datenverarbeitung Verantwortlichen verarbeitet und f\u00fcr die Dauer gespeichert, die zur Erf\u00fcllung der festgelegten Zwecke und gesetzlicher Verpflichtungen erforderlich ist. Im Folgenden informieren wir Sie dar\u00fcber, um welche Daten es sich dabei handelt, auf welche Weise sie verarbeitet werden und welche Rechte Ihnen diesbez\u00fcglich&#8230; <a href=\"https:\/\/www.tsg.tu-ilmenau.de\/wordpress\/datenschutzinformation-der-tauschsportgemeinschaft-tu-ilmenau-56-e-v\/\">Read more &raquo;<\/a><\/p>\n","protected":false},"author":2,"featured_media":0,"parent":0,"menu_order":0,"comment_status":"closed","ping_status":"closed","template":"","meta":{"ngg_post_thumbnail":0,"footnotes":""},"class_list":["post-3521","page","type-page","status-publish","hentry"],"_links":{"self":[{"href":"https:\/\/www.tsg.tu-ilmenau.de\/wordpress\/wp-json\/wp\/v2\/pages\/3521","targetHints":{"allow":["GET"]}}],"collection":[{"href":"https:\/\/www.tsg.tu-ilmenau.de\/wordpress\/wp-json\/wp\/v2\/pages"}],"about":[{"href":"https:\/\/www.tsg.tu-ilmenau.de\/wordpress\/wp-json\/wp\/v2\/types\/page"}],"author":[{"embeddable":true,"href":"https:\/\/www.tsg.tu-ilmenau.de\/wordpress\/wp-json\/wp\/v2\/users\/2"}],"replies":[{"embeddable":true,"href":"https:\/\/www.tsg.tu-ilmenau.de\/wordpress\/wp-json\/wp\/v2\/comments?post=3521"}],"version-history":[{"count":15,"href":"https:\/\/www.tsg.tu-ilmenau.de\/wordpress\/wp-json\/wp\/v2\/pages\/3521\/revisions"}],"predecessor-version":[{"id":4891,"href":"https:\/\/www.tsg.tu-ilmenau.de\/wordpress\/wp-json\/wp\/v2\/pages\/3521\/revisions\/4891"}],"wp:attachment":[{"href":"https:\/\/www.tsg.tu-ilmenau.de\/wordpress\/wp-json\/wp\/v2\/media?parent=3521"}],"curies":[{"name":"wp","href":"https:\/\/api.w.org\/{rel}","templated":true}]}}