{"id":3579,"date":"2018-08-06T15:08:28","date_gmt":"2018-08-06T13:08:28","guid":{"rendered":"https:\/\/www.tsg.tu-ilmenau.de\/wordpress\/?page_id=3579"},"modified":"2018-08-06T15:08:39","modified_gmt":"2018-08-06T13:08:39","slug":"3579-2","status":"publish","type":"page","link":"https:\/\/www.tsg.tu-ilmenau.de\/wordpress\/3579-2\/","title":{"rendered":"Sommerwettkampf 2018"},"content":{"rendered":"<p style=\"text-align: center;\">Liebe Taucherinnen und Taucher,<br \/>\nes ist wieder soweit: vom 17.08.2018-19.08.2018 findet im Freibad Hammergrund unser traditioneller Sommerwettkampf statt.<\/p>\n<p style=\"text-align: center;\">Wir brauchen nat\u00fcrlich wieder tatkr\u00e4ftige Unterst\u00fctzung. Das geht mit dem Zeltaufbau am Mittwoch, dem 15.08.2018, ab 18.00 Uhr los und endet<br \/>\nmit dem Zeltabbau am Sonntag oder Montag.<\/p>\n<p style=\"text-align: center;\">W\u00e4hrend der Wettkampftage gibt es die Aufgaben als Zeitnehmer, Wendenrichter, Zielrichter, Sprecher und &#8220;Kompressorbediener&#8221;.<br \/>\nDamit das ein bisschen koordinierter abl\u00e4uft, gibt es hier eine Liste, in der man sich zu den Aufgaben zu festen Zeiten eintragen kann<br \/>\n(Mehrfacheintragungen &#8230; sind erw\u00fcnscht).<\/p>\n<p style=\"text-align: center;\">Ich hoffe, ihr macht regen Gebrauch und wir sehen uns dann sp\u00e4testens am Freitag zur Er\u00f6ffnung (oder fr\u00fcher zum Zeltaufbau).<\/p>\n<p style=\"text-align: center;\">Die Versorgungsaufgaben werden gr\u00f6\u00dftenteils von den Eltern unserer Fin-Swimming-Kinder und &#8211; Jugendlichen \u00fcbernommen. Sicher ist da aber<br \/>\nauch Hilfe willkommen (z.B. beim Austragen der Getr\u00e4nke und Br\u00f6tchen und&nbsp; beim Br\u00e4teln &#8230;)<br \/>\nEs gibt genug zu tun ..<\/p>\n<p style=\"text-align: center;\"><strong>Helferliste:<\/strong> (Bitte bis zur letzen Option durchgehen und Name und Emailadresse eintragen!)<\/p>\n<p style=\"text-align: center;\">[SURVEYS 11]<\/p>\n","protected":false},"excerpt":{"rendered":"<p>Liebe Taucherinnen und Taucher, es ist wieder soweit: vom 17.08.2018-19.08.2018 findet im Freibad Hammergrund unser traditioneller Sommerwettkampf statt. Wir brauchen nat\u00fcrlich wieder tatkr\u00e4ftige Unterst\u00fctzung. Das geht mit dem Zeltaufbau am Mittwoch, dem 15.08.2018, ab 18.00 Uhr los und endet mit dem Zeltabbau am Sonntag oder Montag. W\u00e4hrend der Wettkampftage gibt es die Aufgaben als Zeitnehmer, Wendenrichter, Zielrichter, Sprecher und &#8220;Kompressorbediener&#8221;&#8230;. <a href=\"https:\/\/www.tsg.tu-ilmenau.de\/wordpress\/3579-2\/\">Read more &raquo;<\/a><\/p>\n","protected":false},"author":2,"featured_media":0,"parent":0,"menu_order":0,"comment_status":"closed","ping_status":"closed","template":"","meta":{"ngg_post_thumbnail":0,"footnotes":""},"class_list":["post-3579","page","type-page","status-publish","hentry"],"_links":{"self":[{"href":"https:\/\/www.tsg.tu-ilmenau.de\/wordpress\/wp-json\/wp\/v2\/pages\/3579","targetHints":{"allow":["GET"]}}],"collection":[{"href":"https:\/\/www.tsg.tu-ilmenau.de\/wordpress\/wp-json\/wp\/v2\/pages"}],"about":[{"href":"https:\/\/www.tsg.tu-ilmenau.de\/wordpress\/wp-json\/wp\/v2\/types\/page"}],"author":[{"embeddable":true,"href":"https:\/\/www.tsg.tu-ilmenau.de\/wordpress\/wp-json\/wp\/v2\/users\/2"}],"replies":[{"embeddable":true,"href":"https:\/\/www.tsg.tu-ilmenau.de\/wordpress\/wp-json\/wp\/v2\/comments?post=3579"}],"version-history":[{"count":2,"href":"https:\/\/www.tsg.tu-ilmenau.de\/wordpress\/wp-json\/wp\/v2\/pages\/3579\/revisions"}],"predecessor-version":[{"id":3583,"href":"https:\/\/www.tsg.tu-ilmenau.de\/wordpress\/wp-json\/wp\/v2\/pages\/3579\/revisions\/3583"}],"wp:attachment":[{"href":"https:\/\/www.tsg.tu-ilmenau.de\/wordpress\/wp-json\/wp\/v2\/media?parent=3579"}],"curies":[{"name":"wp","href":"https:\/\/api.w.org\/{rel}","templated":true}]}}