{"id":3687,"date":"2019-01-09T12:47:29","date_gmt":"2019-01-09T11:47:29","guid":{"rendered":"https:\/\/www.tsg.tu-ilmenau.de\/wordpress\/?page_id=3687"},"modified":"2019-01-09T12:47:29","modified_gmt":"2019-01-09T11:47:29","slug":"ausschreibung-ferienfreizeit-wasserwandern","status":"publish","type":"page","link":"https:\/\/www.tsg.tu-ilmenau.de\/wordpress\/ausschreibung-ferienfreizeit-wasserwandern\/","title":{"rendered":"Ausschreibung Ferienfreizeit Wasserwandern"},"content":{"rendered":"<p><i>TSG TU Ilmenau, Tauchsportclub Erfurt<\/i><\/p>\n<table>\n<tr>\n<td><b>Veranstalter:<\/b><\/td>\n<td>TSG TU Ilmenau 56 e.V.<\/td>\n<\/tr>\n<tr>\n<td><b>Ausrichter:<\/b><\/td>\n<td>Tauchsportclub Erfurt, TSG TU Ilmenau<\/td>\n<\/tr>\n<tr>\n<td><b>Termin:<\/b><\/td>\n<td>07.07.2018 bis 16.07.2019<\/td>\n<\/tr>\n<tr>\n<td><b>Anmeldung:<\/b><\/td>\n<td>verbindlich bis 31.03.2019 bei Peter Rauschenbach<br \/>\npeter.rauschenbach@mail.de, Betreff: Anmeldung_{Name}_Pad19<\/td>\n<\/tr>\n<tr>\n<td><b>Ort:<\/b><\/td>\n<td>Fl\u00fcsse und Seen der Mecklenburger Seenplatte<\/td>\n<\/tr>\n<tr>\n<td><b>Kosten:<\/b><\/td>\n<td>220,-\u20ac, davon 50,-\u20ac Anzahlung bei der Anmeldung<\/td>\n<\/tr>\n<tr>\n<td><b>Teilnehmerzahl:<\/b><\/td>\n<td>max. 14 Jugendliche, 1 Betreuer, 1 Betreuerin<\/td>\n<\/tr>\n<\/table>\n<ul style=\"list-style: none;\">\n<li><b>Voraussetzungen:<\/b>\n<ul>\n<li>Jahrgang 2007 und \u00e4lter<\/li>\n<li>Selbst\u00e4ndigkeit bez\u00fcglich eigenes Gep\u00e4ck, inkl. Schlafsack und Matte ein- und auspacken<\/li>\n<\/ul>\n<\/li>\n<li><b>Vortreffen, Ausr\u00fcstungskontrolle:<\/b>\n<ul>\n<li>19.05.2019, Uhrzeit und Ort in separater Information<\/li>\n<\/ul>\n<\/li>\n<li><b>Ablauf und Randbedingungen:<\/b>\n<ul>\n<li>\u00dcbernachtung im Zelt auf Zeltpl\u00e4tzen (Dusche, WC vorhanden)<\/li>\n<li>jeden Tag an einem anderen Ort, d.h. jeden Tag Zelte abbauen, Boote beladen, 10-20km paddeln zum n\u00e4chsten Zeltplatz, Boote ausladen, Zelte aufbauen.<\/li>\n<li>Alles Gep\u00e4ck muss in die Boote passen.\n<ul>\n<li>Wasserdichte Verpackung zum Teil unerl\u00e4sslich (Schlafsack!!!) und f\u00fcr alle Ausr\u00fcstung empfohlen (Leihpacks\u00e4cke im begrenzten Umfang vorhanden).<\/li>\n<li>Packma\u00df beachten, Lukengr\u00f6\u00dfe je nach Bootstyp ca. 30x50cm oval (u.U. auch kleiner), was da nicht durchgeht, kann nicht mit.<\/li>\n<li>Gewicht ist nicht ganz so wichtig, hinsichtlich Tragf\u00e4higkeit der Boote.<\/li>\n<\/ul>\n<\/li>\n<li>Selbstverpflegung in der Gruppe \u00fcber alle Teilnehmer:\n<ul>\n<li>Fr\u00fchst\u00fcck: Br\u00f6tchen, Brot (in der Regel t\u00e4glich frisch), K\u00e4se, Wurst, Nutella, M\u00fcsli, Haferflocken, Gurke, M\u00f6hren, \u00c4pfel o.\u00e4.<\/li>\n<li>Mittag\/Tagesverpflegung: jeder ist selbst verantwortlich, w\u00e4hrend des Fr\u00fchst\u00fccks ausreichend Verpflegung (Br\u00f6tchen, Obst, Gem\u00fcse) f\u00fcr den Tag auf dem Wasser vorzubereiten und die Tagesverpflegung erreichbar im Boot zu verstauen.<\/li>\n<li>Abendessen:\n<ul>\n<li>Einfaches warmes Essen, das in der Gruppe zubereitet und verzehrt wird.<\/li>\n<li>Nudeln, Reis, Karfoffelp\u00fcree, Dosengem\u00fcse, Dosenfleisch, Eier, Milchreis, Pudding u.\u00e4. Wenn es m\u00f6glich ist, werden frische Zutaten (Gem\u00fcse, Obst) verwendet, dabei gibt es jedoch Einschr\u00e4nkungen wegen der Haltbarkeit\/Transportierbarkeit im Boot.<br \/>Essensvorschl\u00e4ge sind willkommen.<\/li>\n<\/ul>\n<\/li>\n<\/ul>\n<\/li>\n<li>Nachtruhe:\n<ul>\n<li>22:00 bis 7:00 Uhr (\u00fcbliche Zeltplatzregelung)<\/li>\n<li>W\u00e4hrend dieser Zeit befindet sich jeder in seinem Zelt, Ausnahme: Gang zur Toilette<\/li>\n<\/ul>\n<\/li>\n<li>Fr\u00fchst\u00fcck in der Regel gegen 8:00 Uhr. Ziel ist es, m\u00f6glichst fr\u00fch auf dem Wasser zu sein.<\/li>\n<li>Jeden Tag ein oder zwei Pausen mit Anlanden.<\/li>\n<li>ca. 15:00 Uhr Erreichen des n\u00e4chsten Lagerplatzes (Planungsziel, abh\u00e4ngig von &#8230;)<\/li>\n<li><u>Nach<\/u> dem Ausladen der Boote und dem Aufstellen und Einr\u00e4umen der Zelte ist Zeit f\u00fcr andere Besch\u00e4ftigungen (z.B. Lesen, Kartenspielen, Volleyball, Baden, &#8230;)<\/li>\n<\/ul>\n<\/li>\n<li><b>Ausr\u00fcstung:<\/b>\n<ul>\n<li>Erforderliche Ausr\u00fcstung, die jeder selbst ben\u00f6tigt, f\u00fcr die jeder selbst verantwortlich ist (minimale Pflichtausr\u00fcstung):\n<ul>\n<li>Schlafsack, Matte<\/li>\n<li>Teller, kleine Sch\u00fcssel, Tasse, Besteck<\/li>\n<li>Waschzeug etc.<\/li>\n<li>Schuhe f\u00fcrs Boot, die nass werden k\u00f6nnen (werden 99.9% nass sein) und auch nass noch tragbar sind (muss nichts spezielles sein, auch ein altes paar Turnschuhe w\u00e4re geeignet)<\/li>\n<li>M\u00fctze, Kopfbedeckung, Sonnenschutz, Sonnenbrille<\/li>\n<li>2 Trinkflaschen, zusammen mindestens 1.5l<\/li>\n<li>Brotb\u00fcchse (am besten 2 St\u00fcck) (Verpackung der Tagesration in Plastet\u00fcten ist nicht gern gesehen.)<\/li>\n<li>ca. 5m wasserfeste Leine, 10 W\u00e4scheklammern<\/li>\n<li>Regenbekleidung (Jacke und Hose) (Muss jeden Tag gut erreichbar im Boot verstaut werden.)<\/li>\n<li>lange Hose, Jacke (trocken und warm, nur f\u00fcrs Land)<\/li>\n<li>1 Satz trockene Bekleidung (kurze Hose, T-Shirt) f\u00fcrs Land<\/li>\n<li>1 kurze Hose + 1 T-Shirt im Boot<\/li>\n<li>Nicht erlaubte Gegenst\u00e4nde (Gegenst\u00e4nde, die erfahrungsgem\u00e4\u00df weniger gut geeignet sind, durch Feuchtigkeit besch\u00e4digt werden k\u00f6nnen und\/oder aus methodischen Gr\u00fcnden nicht erw\u00fcnscht sind):\n<ul>\n<li>Elektronische Ger\u00e4te<\/li>\n<li>Smartphones, Telefon<\/li>\n<li>Koffer u.\u00e4., sperrige Gegenst\u00e4nde (siehe oben Packma\u00df)<\/li>\n<li>Jeans und andere Bekleidung, die nicht schnell trocknet.<\/li>\n<\/ul>\n<\/li>\n<\/ul>\n<\/li>\n<li>Allgemeine Ausr\u00fcstung (braucht nicht jeder selbst, es muss nur f\u00fcr alle genug vorhanden sein, detaillierte Festlegungen beim Vortreffen)\n<ul>\n<li>Zelte (2-3 Personen \/ Zelt)<\/li>\n<li>Boote (2-er Wanderkajaks) werden in Mecklenburg gemietet (eigenes Boot nach Absprache bedingt m\u00f6glich \u2192 Transport?).<\/li>\n<li>Wasserdichte Packs\u00e4cke: wer selbst hat \u2192 mitbringen, einige sind vorhanden, die verliehen werden k\u00f6nnen.<\/li>\n<\/ul>\n<\/li>\n<\/ul>\n<\/li>\n<li><b>Anreise:<\/b>\n<ul>\n<li>Im Zug mit Sonderangeboten (L\u00e4nderticket o.\u00e4.)<\/li>\n<li>Nur Tagesgep\u00e4ck im Zug, das \u201egro\u00dfe Gep\u00e4ck\u201c wird mit dem Auto transportiert.<\/li>\n<li>Hinfahrt: 01.07.2018, R\u00fcckfahrt: 10.07.2018<\/li>\n<\/ul>\n<\/li>\n<li><b>Kosten:<\/b>\n<ul>\n<li>Gesamtkosten: 220,-\u20ac pro Person, darin enthalten:\n<ul>\n<li>Bootsmiete<\/li>\n<li>Kosten f\u00fcr \u00dcbernachtung auf Zeltpl\u00e4tzen<\/li>\n<li>Verpflegung (Fr\u00fchst\u00fcck, Tagesverpflegung, Abendessen)<\/li>\n<li>Anreise, Abreise wie oben beschrieben<\/li>\n<li><b>Anzahlung:<\/b> von 50,-\u20ac nach Anmeldung. Die Anzahlung kann bei Nichtteilnahme nur zur\u00fcckgezahlt werden, wenn bis dahin noch keine Kosten entstanden sind bzw. diese verrechnet werden k\u00f6nnen.<\/li>\n<li>Die Zahlungsmodalit\u00e4ten werden in der Anmeldebest\u00e4tigung mitgeteilt.<\/li>\n<\/ul>\n<\/li>\n<\/ul>\n<\/li>\n<\/ul>\n","protected":false},"excerpt":{"rendered":"<p>TSG TU Ilmenau, Tauchsportclub Erfurt Veranstalter: TSG TU Ilmenau 56 e.V. Ausrichter: Tauchsportclub Erfurt, TSG TU Ilmenau Termin: 07.07.2018 bis 16.07.2019 Anmeldung: verbindlich bis 31.03.2019 bei Peter Rauschenbach peter.rauschenbach@mail.de, Betreff: Anmeldung_{Name}_Pad19 Ort: Fl\u00fcsse und Seen der Mecklenburger Seenplatte Kosten: 220,-\u20ac, davon 50,-\u20ac Anzahlung bei der Anmeldung Teilnehmerzahl: max. 14 Jugendliche, 1 Betreuer, 1 Betreuerin Voraussetzungen: Jahrgang 2007 und \u00e4lter Selbst\u00e4ndigkeit&#8230; <a href=\"https:\/\/www.tsg.tu-ilmenau.de\/wordpress\/ausschreibung-ferienfreizeit-wasserwandern\/\">Read more &raquo;<\/a><\/p>\n","protected":false},"author":2,"featured_media":0,"parent":0,"menu_order":0,"comment_status":"closed","ping_status":"closed","template":"","meta":{"ngg_post_thumbnail":0,"footnotes":""},"class_list":["post-3687","page","type-page","status-publish","hentry"],"_links":{"self":[{"href":"https:\/\/www.tsg.tu-ilmenau.de\/wordpress\/wp-json\/wp\/v2\/pages\/3687","targetHints":{"allow":["GET"]}}],"collection":[{"href":"https:\/\/www.tsg.tu-ilmenau.de\/wordpress\/wp-json\/wp\/v2\/pages"}],"about":[{"href":"https:\/\/www.tsg.tu-ilmenau.de\/wordpress\/wp-json\/wp\/v2\/types\/page"}],"author":[{"embeddable":true,"href":"https:\/\/www.tsg.tu-ilmenau.de\/wordpress\/wp-json\/wp\/v2\/users\/2"}],"replies":[{"embeddable":true,"href":"https:\/\/www.tsg.tu-ilmenau.de\/wordpress\/wp-json\/wp\/v2\/comments?post=3687"}],"version-history":[{"count":9,"href":"https:\/\/www.tsg.tu-ilmenau.de\/wordpress\/wp-json\/wp\/v2\/pages\/3687\/revisions"}],"predecessor-version":[{"id":3705,"href":"https:\/\/www.tsg.tu-ilmenau.de\/wordpress\/wp-json\/wp\/v2\/pages\/3687\/revisions\/3705"}],"wp:attachment":[{"href":"https:\/\/www.tsg.tu-ilmenau.de\/wordpress\/wp-json\/wp\/v2\/media?parent=3687"}],"curies":[{"name":"wp","href":"https:\/\/api.w.org\/{rel}","templated":true}]}}