{"id":4,"date":"2009-08-17T14:53:38","date_gmt":"2009-08-17T12:53:38","guid":{"rendered":"http:\/\/www.tsg.tu-ilmenau.de\/wordpress\/termine\/"},"modified":"2017-09-06T11:32:46","modified_gmt":"2017-09-06T09:32:46","slug":"termine","status":"publish","type":"page","link":"https:\/\/www.tsg.tu-ilmenau.de\/wordpress\/termine\/","title":{"rendered":"Termine"},"content":{"rendered":"<div id=\"vsel\" class=\"vsel-shortcode vsel-shortcode-upcoming-events\"><div id=\"event-5139\" class=\"vsel-content ausbildung verinsleben vsel-upcoming vsel-current\"><div class=\"vsel-meta vsel-alignleft\" style=\"width:36%;\"><h3 class=\"vsel-meta-title\">Kroatienfahrt 2026<\/h3><div class=\"vsel-meta-date vsel-meta-combined-date\">Startdatum: <span>8. Mai 0226<\/span> - Enddatum: <span>16. Mai 2026<\/span><\/div><div class=\"vsel-meta-time vsel-meta-all-day\">Ganzt\u00e4giges Event<\/div><\/div><div class=\"vsel-info vsel-alignright\" style=\"width:60%;\"><div class=\"vsel-text\"><ul>\n<li>Praxispr\u00fcfung&nbsp;KTSA***,&nbsp;DTSA*, DTSA***<\/li>\n<li>Praxistauchg\u00e4nge f\u00fcr den AK Orientierung und AK Gruppenf\u00fchrung\n<ul>\n<li>Vorraussetzung f\u00fcr das DTSA**<\/li>\n<\/ul>\n<\/li>\n<li>weitere Ausbildungen sind nach Bedarf und Witterungsverh\u00e4ltnissen m\u00f6glich<\/li>\n<\/ul>\n<\/div><\/div><\/div><div id=\"event-5158\" class=\"vsel-content wettkampf vsel-upcoming vsel-future\"><div class=\"vsel-meta vsel-alignleft\" style=\"width:36%;\"><h3 class=\"vsel-meta-title\">Deutsche Meisterschaften und Deutsche Mastersmeisterschaften<\/h3><div class=\"vsel-meta-date vsel-meta-combined-date\">Startdatum: <span>6. Juni 2026<\/span> - Enddatum: <span>7. Juni 2026<\/span><\/div><div class=\"vsel-meta-time vsel-meta-all-day\">Ganzt\u00e4giges Event<\/div><div class=\"vsel-meta-location\">Ort: <span>Berlin<\/span><\/div><\/div><div class=\"vsel-info vsel-alignright\" style=\"width:60%;\"><div class=\"vsel-text\"><\/div><\/div><\/div><div id=\"event-5142\" class=\"vsel-content ausbildung vsel-upcoming vsel-future\"><div class=\"vsel-meta vsel-alignleft\" style=\"width:36%;\"><h3 class=\"vsel-meta-title\">Tauchsicherheit und Rettung<\/h3><div class=\"vsel-meta-date vsel-meta-combined-date\">Startdatum: <span>12. Juni 2026<\/span> - Enddatum: <span>14. Juni 2026<\/span><\/div><div class=\"vsel-meta-time vsel-meta-all-day\">Ganzt\u00e4giges Event<\/div><\/div><div class=\"vsel-info vsel-alignright\" style=\"width:60%;\"><div class=\"vsel-text\"><p>Vorraussetzung f\u00fcr das DTSA***<\/p>\n<\/div><\/div><\/div><div id=\"event-5140\" class=\"vsel-content ausbildung vsel-upcoming vsel-future\"><div class=\"vsel-meta vsel-alignleft\" style=\"width:36%;\"><h3 class=\"vsel-meta-title\">Ausbildungs- und Vereinswochenende 2026<\/h3><div class=\"vsel-meta-date vsel-meta-combined-date\">Startdatum: <span>6. August 2026<\/span> - Enddatum: <span>9. August 2026<\/span><\/div><div class=\"vsel-meta-time vsel-meta-all-day\">Ganzt\u00e4giges Event<\/div><div class=\"vsel-meta-location\">Ort: <span>Nordhausen am Sundh\u00e4user See<\/span><\/div><\/div><div class=\"vsel-info vsel-alignright\" style=\"width:60%;\"><div class=\"vsel-text\"><ul>\n<li>vorletztes Wochenende in den Sommerferien<\/li>\n<li>Praxispr\u00fcfung DTSA**<\/li>\n<li>weitere Ausbildungen nach Bedarf<\/li>\n<\/ul>\n<\/div><\/div><\/div><div class=\"vsel-nav\"><\/div><\/div>\n","protected":false},"excerpt":{"rendered":"","protected":false},"author":2,"featured_media":0,"parent":0,"menu_order":1,"comment_status":"closed","ping_status":"open","template":"","meta":{"ngg_post_thumbnail":0,"footnotes":""},"class_list":["post-4","page","type-page","status-publish","hentry"],"_links":{"self":[{"href":"https:\/\/www.tsg.tu-ilmenau.de\/wordpress\/wp-json\/wp\/v2\/pages\/4","targetHints":{"allow":["GET"]}}],"collection":[{"href":"https:\/\/www.tsg.tu-ilmenau.de\/wordpress\/wp-json\/wp\/v2\/pages"}],"about":[{"href":"https:\/\/www.tsg.tu-ilmenau.de\/wordpress\/wp-json\/wp\/v2\/types\/page"}],"author":[{"embeddable":true,"href":"https:\/\/www.tsg.tu-ilmenau.de\/wordpress\/wp-json\/wp\/v2\/users\/2"}],"replies":[{"embeddable":true,"href":"https:\/\/www.tsg.tu-ilmenau.de\/wordpress\/wp-json\/wp\/v2\/comments?post=4"}],"version-history":[{"count":10,"href":"https:\/\/www.tsg.tu-ilmenau.de\/wordpress\/wp-json\/wp\/v2\/pages\/4\/revisions"}],"predecessor-version":[{"id":3189,"href":"https:\/\/www.tsg.tu-ilmenau.de\/wordpress\/wp-json\/wp\/v2\/pages\/4\/revisions\/3189"}],"wp:attachment":[{"href":"https:\/\/www.tsg.tu-ilmenau.de\/wordpress\/wp-json\/wp\/v2\/media?parent=4"}],"curies":[{"name":"wp","href":"https:\/\/api.w.org\/{rel}","templated":true}]}}