{"id":4331,"date":"2020-11-03T14:55:07","date_gmt":"2020-11-03T13:55:07","guid":{"rendered":"https:\/\/www.tsg.tu-ilmenau.de\/wordpress\/?page_id=4331"},"modified":"2020-11-03T14:55:07","modified_gmt":"2020-11-03T13:55:07","slug":"tagesordnung-mitgliederversammlung-2020","status":"publish","type":"page","link":"https:\/\/www.tsg.tu-ilmenau.de\/wordpress\/vereinsintern\/tagesordnung-mitgliederversammlung-2020\/","title":{"rendered":"Tagesordnung Mitgliederversammlung 2020"},"content":{"rendered":"<ol>\n<li>Er\u00f6ffnung und Benennung des Versammlungsleiters sowie des Protokollf\u00fchrers<\/li>\n<li>Feststellung der Stimmberechtigung<\/li>\n<li>Abstimmung zur Genehmigung der Tagesordnung<\/li>\n<li>Kontrolle und Abstimmung des Protokolls der Mitgliederversammlung vom 06.12.2019<\/li>\n<li>Bericht des Vorstandes\n<ul>\n<li>Finanzbericht<\/li>\n<li>Ausbildung<\/li>\n<li>Sportliche Aktivit\u00e4ten und Wettkampft\u00e4tigkeit<\/li>\n<li>Kassenpr\u00fcfbericht<\/li>\n<\/ul>\n<\/li>\n<li>Entlastung Vorstand bis 03.12.2020<\/li>\n<li>Planung Haushalt 2021<\/li>\n<li>Wahl des Vorstandes<\/li>\n<li>Beschlussfassung zu Antr\u00e4gen<\/li>\n<li>Verschiedenes\n<ul>\n<li>Termin Materialausgabe Neujahrstauchen<\/li>\n<li>Weiterbildungsveranstaltungen<\/li>\n<li>Vereinsfahrt 2021<\/li>\n<\/ul>\n<\/li>\n<li>Abschluss<\/li>\n<\/ol>\n","protected":false},"excerpt":{"rendered":"<p>Er\u00f6ffnung und Benennung des Versammlungsleiters sowie des Protokollf\u00fchrers Feststellung der Stimmberechtigung Abstimmung zur Genehmigung der Tagesordnung Kontrolle und Abstimmung des Protokolls der Mitgliederversammlung vom 06.12.2019 Bericht des Vorstandes Finanzbericht Ausbildung Sportliche Aktivit\u00e4ten und Wettkampft\u00e4tigkeit Kassenpr\u00fcfbericht Entlastung Vorstand bis 03.12.2020 Planung Haushalt 2021 Wahl des Vorstandes Beschlussfassung zu Antr\u00e4gen Verschiedenes Termin Materialausgabe Neujahrstauchen Weiterbildungsveranstaltungen Vereinsfahrt 2021 Abschluss<\/p>\n","protected":false},"author":2,"featured_media":0,"parent":8,"menu_order":0,"comment_status":"closed","ping_status":"closed","template":"","meta":{"ngg_post_thumbnail":0,"footnotes":""},"class_list":["post-4331","page","type-page","status-publish","hentry"],"_links":{"self":[{"href":"https:\/\/www.tsg.tu-ilmenau.de\/wordpress\/wp-json\/wp\/v2\/pages\/4331","targetHints":{"allow":["GET"]}}],"collection":[{"href":"https:\/\/www.tsg.tu-ilmenau.de\/wordpress\/wp-json\/wp\/v2\/pages"}],"about":[{"href":"https:\/\/www.tsg.tu-ilmenau.de\/wordpress\/wp-json\/wp\/v2\/types\/page"}],"author":[{"embeddable":true,"href":"https:\/\/www.tsg.tu-ilmenau.de\/wordpress\/wp-json\/wp\/v2\/users\/2"}],"replies":[{"embeddable":true,"href":"https:\/\/www.tsg.tu-ilmenau.de\/wordpress\/wp-json\/wp\/v2\/comments?post=4331"}],"version-history":[{"count":1,"href":"https:\/\/www.tsg.tu-ilmenau.de\/wordpress\/wp-json\/wp\/v2\/pages\/4331\/revisions"}],"predecessor-version":[{"id":4333,"href":"https:\/\/www.tsg.tu-ilmenau.de\/wordpress\/wp-json\/wp\/v2\/pages\/4331\/revisions\/4333"}],"up":[{"embeddable":true,"href":"https:\/\/www.tsg.tu-ilmenau.de\/wordpress\/wp-json\/wp\/v2\/pages\/8"}],"wp:attachment":[{"href":"https:\/\/www.tsg.tu-ilmenau.de\/wordpress\/wp-json\/wp\/v2\/media?parent=4331"}],"curies":[{"name":"wp","href":"https:\/\/api.w.org\/{rel}","templated":true}]}}