{"id":459,"date":"2010-07-30T15:36:58","date_gmt":"2010-07-30T13:36:58","guid":{"rendered":"http:\/\/www.tsg.tu-ilmenau.de\/wordpress\/"},"modified":"2010-08-16T14:08:34","modified_gmt":"2010-08-16T12:08:34","slug":"sommerwettkampf-2010","status":"publish","type":"page","link":"https:\/\/www.tsg.tu-ilmenau.de\/wordpress\/vereinsintern\/sommerwettkampf-2010\/","title":{"rendered":"Sommerwettkampf 2010"},"content":{"rendered":"<p style=\"text-align: center;\">Auch dieses Jahr werden wieder\u00a0 flei\u00dfige Helfer f\u00fcr den Sommerwettkampf ben\u00f6tigt.<\/p>\n<p style=\"text-align: center;\">Anbei findet ihr eine Liste zum Eintragen f\u00fcr die Aufgaben an den drei Tagen (Freitag\/Samstag\/Sonntag 13.08-15.08.2010)<\/p>\n<p style=\"text-align: center;\">Bitte tragt auch auf der letzten Seite euren Namen ein, damit wir sehen wer was macht :).<\/p>\n<p style=\"text-align: center;\">\n<p style=\"text-align: center;\">\n","protected":false},"excerpt":{"rendered":"<p>Auch dieses Jahr werden wieder\u00a0 flei\u00dfige Helfer f\u00fcr den Sommerwettkampf ben\u00f6tigt. Anbei findet ihr eine Liste zum Eintragen f\u00fcr die Aufgaben an den drei Tagen (Freitag\/Samstag\/Sonntag 13.08-15.08.2010) Bitte tragt auch auf der letzten Seite euren Namen ein, damit wir sehen wer was macht :).<\/p>\n","protected":false},"author":2,"featured_media":0,"parent":8,"menu_order":0,"comment_status":"closed","ping_status":"closed","template":"","meta":{"ngg_post_thumbnail":0,"footnotes":""},"class_list":["post-459","page","type-page","status-publish","hentry"],"_links":{"self":[{"href":"https:\/\/www.tsg.tu-ilmenau.de\/wordpress\/wp-json\/wp\/v2\/pages\/459","targetHints":{"allow":["GET"]}}],"collection":[{"href":"https:\/\/www.tsg.tu-ilmenau.de\/wordpress\/wp-json\/wp\/v2\/pages"}],"about":[{"href":"https:\/\/www.tsg.tu-ilmenau.de\/wordpress\/wp-json\/wp\/v2\/types\/page"}],"author":[{"embeddable":true,"href":"https:\/\/www.tsg.tu-ilmenau.de\/wordpress\/wp-json\/wp\/v2\/users\/2"}],"replies":[{"embeddable":true,"href":"https:\/\/www.tsg.tu-ilmenau.de\/wordpress\/wp-json\/wp\/v2\/comments?post=459"}],"version-history":[{"count":10,"href":"https:\/\/www.tsg.tu-ilmenau.de\/wordpress\/wp-json\/wp\/v2\/pages\/459\/revisions"}],"predecessor-version":[{"id":477,"href":"https:\/\/www.tsg.tu-ilmenau.de\/wordpress\/wp-json\/wp\/v2\/pages\/459\/revisions\/477"}],"up":[{"embeddable":true,"href":"https:\/\/www.tsg.tu-ilmenau.de\/wordpress\/wp-json\/wp\/v2\/pages\/8"}],"wp:attachment":[{"href":"https:\/\/www.tsg.tu-ilmenau.de\/wordpress\/wp-json\/wp\/v2\/media?parent=459"}],"curies":[{"name":"wp","href":"https:\/\/api.w.org\/{rel}","templated":true}]}}