{"id":4714,"date":"2021-11-04T09:21:06","date_gmt":"2021-11-04T08:21:06","guid":{"rendered":"https:\/\/www.tsg.tu-ilmenau.de\/wordpress\/?page_id=4714"},"modified":"2021-11-04T09:21:06","modified_gmt":"2021-11-04T08:21:06","slug":"tagesordnung-mitgliederversammlung-2021","status":"publish","type":"page","link":"https:\/\/www.tsg.tu-ilmenau.de\/wordpress\/tagesordnung-mitgliederversammlung-2021\/","title":{"rendered":"Tagesordnung Mitgliederversammlung 2021"},"content":{"rendered":"<ol>\n<li>Er\u00f6ffnung und Benennung des Versammlungsleiters sowie des Protokollf\u00fchrers<\/li>\n<li>Feststellung der Stimmberechtigung<\/li>\n<li>Abstimmung zur Genehmigung der Tagesordnung<\/li>\n<li>Kontrolle und Abstimmung des Protokolls der MV am 09.09.2021<\/li>\n<li>Bericht des Vorstandes\n<ul>\n<li>Finanzbericht<\/li>\n<li>Ausbildung<\/li>\n<li>Sportliche Aktivit\u00e4ten und Wettkampft\u00e4tigkeit<\/li>\n<li>Kassenpr\u00fcfbericht<\/li>\n<\/ul>\n<\/li>\n<li>Entlastung Vorstand bis 04.12.2021<\/li>\n<li>Planung Haushalt 2022<\/li>\n<li>Beschlussfassung zu Antr\u00e4gen<\/li>\n<li>Verschiedenes\n<ul>\n<li>Termin Materialausgabe Neujahrstauchen<\/li>\n<li>Weiterbildungsveranstaltungen<\/li>\n<li>Vereinsfahrt 2022<\/li>\n<\/ul>\n<\/li>\n<li>Abschluss<\/li>\n<\/ol>\n","protected":false},"excerpt":{"rendered":"<p>Er\u00f6ffnung und Benennung des Versammlungsleiters sowie des Protokollf\u00fchrers Feststellung der Stimmberechtigung Abstimmung zur Genehmigung der Tagesordnung Kontrolle und Abstimmung des Protokolls der MV am 09.09.2021 Bericht des Vorstandes Finanzbericht Ausbildung Sportliche Aktivit\u00e4ten und Wettkampft\u00e4tigkeit Kassenpr\u00fcfbericht Entlastung Vorstand bis 04.12.2021 Planung Haushalt 2022 Beschlussfassung zu Antr\u00e4gen Verschiedenes Termin Materialausgabe Neujahrstauchen Weiterbildungsveranstaltungen Vereinsfahrt 2022 Abschluss<\/p>\n","protected":false},"author":2,"featured_media":0,"parent":0,"menu_order":0,"comment_status":"closed","ping_status":"closed","template":"","meta":{"ngg_post_thumbnail":0,"footnotes":""},"class_list":["post-4714","page","type-page","status-publish","hentry"],"_links":{"self":[{"href":"https:\/\/www.tsg.tu-ilmenau.de\/wordpress\/wp-json\/wp\/v2\/pages\/4714","targetHints":{"allow":["GET"]}}],"collection":[{"href":"https:\/\/www.tsg.tu-ilmenau.de\/wordpress\/wp-json\/wp\/v2\/pages"}],"about":[{"href":"https:\/\/www.tsg.tu-ilmenau.de\/wordpress\/wp-json\/wp\/v2\/types\/page"}],"author":[{"embeddable":true,"href":"https:\/\/www.tsg.tu-ilmenau.de\/wordpress\/wp-json\/wp\/v2\/users\/2"}],"replies":[{"embeddable":true,"href":"https:\/\/www.tsg.tu-ilmenau.de\/wordpress\/wp-json\/wp\/v2\/comments?post=4714"}],"version-history":[{"count":1,"href":"https:\/\/www.tsg.tu-ilmenau.de\/wordpress\/wp-json\/wp\/v2\/pages\/4714\/revisions"}],"predecessor-version":[{"id":4716,"href":"https:\/\/www.tsg.tu-ilmenau.de\/wordpress\/wp-json\/wp\/v2\/pages\/4714\/revisions\/4716"}],"wp:attachment":[{"href":"https:\/\/www.tsg.tu-ilmenau.de\/wordpress\/wp-json\/wp\/v2\/media?parent=4714"}],"curies":[{"name":"wp","href":"https:\/\/api.w.org\/{rel}","templated":true}]}}